{"id":6799,"date":"2022-05-19T08:04:02","date_gmt":"2022-05-19T08:04:02","guid":{"rendered":"https:\/\/gest-bau.es\/?page_id=6799"},"modified":"2022-05-19T08:09:44","modified_gmt":"2022-05-19T08:09:44","slug":"contactar","status":"publish","type":"page","link":"https:\/\/gest-bau.es\/ca\/contactar","title":{"rendered":"Contactar"},"content":{"rendered":"<p>[vc_row full_width=&#8221;stretch_row&#8221; css=&#8221;.vc_custom_1529904316305{padding-top: 100px !important;padding-bottom: 100px !important;}&#8221; el_id=&#8221;rscontact-pages&#8221;][vc_column][vc_gmaps link=&#8221;#E-8_JTNDaWZyYW1lJTIwc3JjJTNEJTIyaHR0cHMlM0ElMkYlMkZ3d3cuZ29vZ2xlLmNvbSUyRm1hcHMlMkZlbWJlZCUzRnBiJTNEJTIxMW0xOCUyMTFtMTIlMjExbTMlMjExZDMwNjYuNzkzNjgyMjA4ODQ4NiUyMTJkMy4xNDU3Nzk0NTEwODE4NjIlMjEzZDM5Ljc2Njc0MDQ3OTM0NTE0NSUyMTJtMyUyMTFmMCUyMTJmMCUyMTNmMCUyMTNtMiUyMTFpMTAyNCUyMTJpNzY4JTIxNGYxMy4xJTIxM20zJTIxMW0yJTIxMXMweDEyOTYzMjcwODIxZDM4ZWIlMjUzQTB4NTBkNWUyYjM0MWJlYTI2MyUyMTJzR2VzdC1CYXUlMjUyMFMuTCUyMTVlMCUyMTNtMiUyMTFzZXMlMjEyc2VzJTIxNHYxNjUxMzk2NTM0NzAwJTIxNW0yJTIxMXNlcyUyMTJzZXMlMjIlMjAlMjBoZWlnaHQlM0QlMjI0ODAlMjIlMjBzdHlsZSUzRCUyMmJvcmRlciUzQTAlM0IlMjIlMjBhbGxvd2Z1bGxzY3JlZW4lM0QlMjIlMjIlM0UlM0MlMkZpZnJhbWUlM0U=&#8221;][vc_row_inner css=&#8221;.vc_custom_1529485369925{padding-top: 25px !important;}&#8221;][vc_column_inner el_class=&#8221;contact-details&#8221; width=&#8221;1\/3&#8243;][vc_icon icon_fontawesome=&#8221;far fa-building&#8221; color=&#8221;black&#8221; background_style=&#8221;rounded&#8221; background_color=&#8221;orange&#8221; size=&#8221;sm&#8221; align=&#8221;center&#8221;][vc_column_text]<\/p>\n<p style=\"text-align: center;\">Gest Bau,<br \/>\nConstructora a Mallorca<\/p>\n<p>[\/vc_column_text][\/vc_column_inner][vc_column_inner el_class=&#8221;contact-details&#8221; width=&#8221;1\/3&#8243;][vc_icon icon_fontawesome=&#8221;fa fa-phone&#8221; color=&#8221;black&#8221; background_style=&#8221;rounded&#8221; background_color=&#8221;orange&#8221; size=&#8221;sm&#8221; align=&#8221;center&#8221;][vc_column_text]<\/p>\n<p style=\"text-align: center;\">Tel.:\u00a0<a href=\"tel:(+34)971 85 22 38\">(+34) 971 85 22 38<\/a><br \/>\nEmail:\u00a0<a href=\"mail:info@gest-bau.es\">info@gest-bau.es<\/a><\/p>\n<p>[\/vc_column_text][\/vc_column_inner][vc_column_inner el_class=&#8221;contact-details&#8221; width=&#8221;1\/3&#8243;][vc_icon icon_fontawesome=&#8221;far fa-map&#8221; color=&#8221;black&#8221; background_style=&#8221;rounded&#8221; background_color=&#8221;orange&#8221; size=&#8221;sm&#8221; align=&#8221;center&#8221;][vc_column_text]<\/p>\n<p style=\"text-align: center;\">C\/ Auba, 17 \u2013 Can Picafort<br \/>\n07458 \u2013 (Illes Balears)<\/p>\n<p>[\/vc_column_text][\/vc_column_inner][\/vc_row_inner][vc_row_inner css=&#8221;.vc_custom_1529485343229{padding-top: 60px !important;}&#8221; el_class=&#8221;pages-contact-form&#8221;][vc_column_inner width=&#8221;1\/4&#8243;][\/vc_column_inner][vc_column_inner width=&#8221;1\/2&#8243;][vc_column_text]<\/p>\n<h2>Formulari de contacte<\/h2>\n<p>[\/vc_column_text]\n<div class=\"wpcf7 no-js\" id=\"wpcf7-f6802-o1\" lang=\"es-ES\" dir=\"ltr\" data-wpcf7-id=\"6802\">\n<div class=\"screen-reader-response\"><p role=\"status\" aria-live=\"polite\" aria-atomic=\"true\"><\/p> <ul><\/ul><\/div>\n<form action=\"\/ca\/wp-json\/wp\/v2\/pages\/6799#wpcf7-f6802-o1\" method=\"post\" class=\"wpcf7-form init\" aria-label=\"Formulario de contacto\" novalidate=\"novalidate\" data-status=\"init\">\n<fieldset class=\"hidden-fields-container\"><input type=\"hidden\" name=\"_wpcf7\" value=\"6802\" \/><input type=\"hidden\" name=\"_wpcf7_version\" value=\"6.1.5\" \/><input type=\"hidden\" name=\"_wpcf7_locale\" value=\"es_ES\" \/><input type=\"hidden\" name=\"_wpcf7_unit_tag\" value=\"wpcf7-f6802-o1\" \/><input type=\"hidden\" name=\"_wpcf7_container_post\" value=\"0\" \/><input type=\"hidden\" name=\"_wpcf7_posted_data_hash\" value=\"\" \/><input type=\"hidden\" name=\"_wpcf7_recaptcha_response\" value=\"\" \/>\n<\/fieldset>\n<p><label> El seu nom*<br \/>\n<span class=\"wpcf7-form-control-wrap\" data-name=\"your-name\"><input size=\"40\" maxlength=\"400\" class=\"wpcf7-form-control wpcf7-text wpcf7-validates-as-required\" aria-required=\"true\" aria-invalid=\"false\" value=\"\" type=\"text\" name=\"your-name\" \/><\/span> <\/label>\n<\/p>\n<p><label> El seu correu*<br \/>\n<span class=\"wpcf7-form-control-wrap\" data-name=\"your-email\"><input size=\"40\" maxlength=\"400\" class=\"wpcf7-form-control wpcf7-email wpcf7-validates-as-required wpcf7-text wpcf7-validates-as-email\" aria-required=\"true\" aria-invalid=\"false\" value=\"\" type=\"email\" name=\"your-email\" \/><\/span> <\/label>\n<\/p>\n<p><label> Assumpte*<br \/>\n<span class=\"wpcf7-form-control-wrap\" data-name=\"your-subject\"><input size=\"40\" maxlength=\"400\" class=\"wpcf7-form-control wpcf7-text wpcf7-validates-as-required\" aria-required=\"true\" aria-invalid=\"false\" value=\"\" type=\"text\" name=\"your-subject\" \/><\/span> <\/label>\n<\/p>\n<p><label> Missatge<br \/>\n<span class=\"wpcf7-form-control-wrap\" data-name=\"your-message\"><textarea cols=\"40\" rows=\"10\" maxlength=\"2000\" class=\"wpcf7-form-control wpcf7-textarea\" aria-invalid=\"false\" name=\"your-message\"><\/textarea><\/span> <\/label>\n<\/p>\n<p><label><br \/>\n<span class=\"wpcf7-form-control-wrap\" data-name=\"acceptance-18\"><span class=\"wpcf7-form-control wpcf7-acceptance optional\"><span class=\"wpcf7-list-item\"><label><input type=\"checkbox\" name=\"acceptance-18\" value=\"1\" id=\"privacidad\" aria-invalid=\"false\" \/><span class=\"wpcf7-list-item-label\">Accepto la <a href=\"https:\/\/gest-bau.es\/privacidad\">pol\u00edtica de privacitat<\/a><\/span><\/label><\/span><\/span><\/span>.<\/label>\n<\/p>\n<p style=\"font-size: 0.8em;line-height: 1.5em;\">De conformitat amb el que s'estableix en la normativa vigent en Protecci\u00f3 de Dades de Car\u00e0cter Personal, l'informem que les seves dades seran incorporades al sistema de tractament titularitat de GABRIEL PASCUAL FONT amb CIF B07842404 i domicili social situat en C \/ Auba, 17 \u2013 Ca Picafort 07458 \u2013 (Illes Balears), amb la finalitat d'atendre les seves consultes i remetre-li informaci\u00f3 relacionada que pugui ser del seu inter\u00e8s. En compliment amb la normativa vigent, GABRIEL PASCUAL FONT informa que les dades seran conservades durant el termini estrictament necessari per a complir amb els preceptes esmentats amb anterioritat. Mentre no ens comuniqui el contrari, entendrem que les seves dades no han estat modificats, que vost\u00e8 es compromet a notificar-nos qualsevol variaci\u00f3 i que tenim el seu consentiment per a utilitzar-los per a les finalitats esmentades. GABRIEL PASCUAL FONT informa que procedir\u00e0 a tractar les dades de manera l\u00edcita, lleial, transparent, adequada, pertinent, limitada, exacta i actualitzada. \u00c9s per aix\u00f2 que GABRIEL PASCUAL FONT es compromet a adoptar totes les mesures raonables perqu\u00e8 aquests se suprimeixin o rectifiquin sense dilaci\u00f3 quan siguin inexactes. D'acord amb els drets que li confereix el la normativa vigent en protecci\u00f3 de dades podr\u00e0 exercir els drets d'acc\u00e9s, rectificaci\u00f3, limitaci\u00f3 de tractament, supressi\u00f3, portabilitat i oposici\u00f3 al tractament de les seves dades de car\u00e0cter personal aix\u00ed com del consentiment prestat per al tractament d'aquests, dirigint la seva petici\u00f3 a l'adre\u00e7a postal indicada m\u00e9s amunt o al correu electr\u00f2nic info@gest-bau.es\n<\/p>\n<div class=\"wpcf7-response-output\" aria-hidden=\"true\"><\/div>\n<p><input class=\"wpcf7-form-control wpcf7-submit has-spinner\" type=\"submit\" value=\"Enviar\" \/>\n<\/p>\n<\/form>\n<\/div>\n[\/vc_column_inner][vc_column_inner width=&#8221;1\/4&#8243;][\/vc_column_inner][\/vc_row_inner][\/vc_column][\/vc_row]<\/p>\n","protected":false},"excerpt":{"rendered":"<p>[vc_row full_width=&#8221;stretch_row&#8221; css=&#8221;.vc_custom_1529904316305{padding-top: 100px !important;padding-bottom: 100px !important;}&#8221; el_id=&#8221;rscontact-pages&#8221;][vc_column][vc_gmaps link=&#8221;#E-8_JTNDaWZyYW1lJTIwc3JjJTNEJTIyaHR0cHMlM0ElMkYlMkZ3d3cuZ29vZ2xlLmNvbSUyRm1hcHMlMkZlbWJlZCUzRnBiJTNEJTIxMW0xOCUyMTFtMTIlMjExbTMlMjExZDMwNjYuNzkzNjgyMjA4ODQ4NiUyMTJkMy4xNDU3Nzk0NTEwODE4NjIlMjEzZDM5Ljc2Njc0MDQ3OTM0NTE0NSUyMTJtMyUyMTFmMCUyMTJmMCUyMTNmMCUyMTNtMiUyMTFpMTAyNCUyMTJpNzY4JTIxNGYxMy4xJTIxM20zJTIxMW0yJTIxMXMweDEyOTYzMjcwODIxZDM4ZWIlMjUzQTB4NTBkNWUyYjM0MWJlYTI2MyUyMTJzR2VzdC1CYXUlMjUyMFMuTCUyMTVlMCUyMTNtMiUyMTFzZXMlMjEyc2VzJTIxNHYxNjUxMzk2NTM0NzAwJTIxNW0yJTIxMXNlcyUyMTJzZXMlMjIlMjAlMjBoZWlnaHQlM0QlMjI0ODAlMjIlMjBzdHlsZSUzRCUyMmJvcmRlciUzQTAlM0IlMjIlMjBhbGxvd2Z1bGxzY3JlZW4lM0QlMjIlMjIlM0UlM0MlMkZpZnJhbWUlM0U=&#8221;][vc_row_inner css=&#8221;.vc_custom_1529485369925{padding-top: 25px !important;}&#8221;][vc_column_inner el_class=&#8221;contact-details&#8221; width=&#8221;1\/3&#8243;][vc_icon icon_fontawesome=&#8221;far fa-building&#8221; color=&#8221;black&#8221; background_style=&#8221;rounded&#8221; background_color=&#8221;orange&#8221; size=&#8221;sm&#8221;&#8230;<\/p>\n","protected":false},"author":1,"featured_media":0,"parent":0,"menu_order":0,"comment_status":"closed","ping_status":"closed","template":"","meta":{"footnotes":""},"class_list":["post-6799","page","type-page","status-publish","hentry"],"aioseo_notices":[],"_links":{"self":[{"href":"https:\/\/gest-bau.es\/ca\/wp-json\/wp\/v2\/pages\/6799","targetHints":{"allow":["GET"]}}],"collection":[{"href":"https:\/\/gest-bau.es\/ca\/wp-json\/wp\/v2\/pages"}],"about":[{"href":"https:\/\/gest-bau.es\/ca\/wp-json\/wp\/v2\/types\/page"}],"author":[{"embeddable":true,"href":"https:\/\/gest-bau.es\/ca\/wp-json\/wp\/v2\/users\/1"}],"replies":[{"embeddable":true,"href":"https:\/\/gest-bau.es\/ca\/wp-json\/wp\/v2\/comments?post=6799"}],"version-history":[{"count":3,"href":"https:\/\/gest-bau.es\/ca\/wp-json\/wp\/v2\/pages\/6799\/revisions"}],"predecessor-version":[{"id":6803,"href":"https:\/\/gest-bau.es\/ca\/wp-json\/wp\/v2\/pages\/6799\/revisions\/6803"}],"wp:attachment":[{"href":"https:\/\/gest-bau.es\/ca\/wp-json\/wp\/v2\/media?parent=6799"}],"curies":[{"name":"wp","href":"https:\/\/api.w.org\/{rel}","templated":true}]}}