{"id":6840,"date":"2022-05-19T08:38:01","date_gmt":"2022-05-19T08:38:01","guid":{"rendered":"https:\/\/gest-bau.es\/?page_id=6840"},"modified":"2022-05-19T08:39:29","modified_gmt":"2022-05-19T08:39:29","slug":"serveis","status":"publish","type":"page","link":"https:\/\/gest-bau.es\/ca\/serveis","title":{"rendered":"Serveis"},"content":{"rendered":"<p>[vc_row full_width=&#8221;stretch_row&#8221; css=&#8221;.vc_custom_1529649200845{padding-top: 55px !important;padding-bottom: 96px !important;background-color: #f1f1f1 !important;}&#8221; el_id=&#8221;rs-about&#8221; el_class=&#8221;rs-about1&#8243;][vc_column][vc_row_inner][vc_column_inner]\r\n        <div class=\"rs-heading   center\">\r\n        \t<div class=\"title-inner\">\r\n\t            \r\n\t            <h2>Els nostres serveis<\/h2>\r\n\t        <\/div><div class=\"description\"><p>GEST-BAU\u00a0t\u00e9 la capacitat per a oferir tots els serveis necessaris per a la realitzaci\u00f3 i gesti\u00f3 de tots els processos de l&#8217;edificaci\u00f3 per al desenvolupament de projectes. Per a aix\u00f2 disposa d&#8217;una gran varietat de maquin\u00e0ria i magn\u00edfic equip hum\u00e0, aix\u00ed com d&#8217;una s\u00f2lida xarxa d&#8217;empreses col\u00b7laboradores que aporten serveis de lampisteria, electricitat, excavacions, fusteria, seguretat, pintura, guix, transports, jardineria, piscines i tota classe d&#8217;assessorament t\u00e8cnic per part d&#8217;aparelladors i\/o arquitectes i assessorament administratiu.<\/p>\n<p>L&#8217;empresa s&#8217;encarrega de la coordinaci\u00f3 i la supervisi\u00f3 dels treballs realitzats per les empreses col\u00b7laboradores (subcontractades), i tamb\u00e9 de la verificaci\u00f3 de la qualitat dels materials emprats.<\/p>\n<p>Construcci\u00f3 de xalets<br \/>\nConstrucci\u00f3 de finques r\u00fastiques<br \/>\nEdificaci\u00f3 de plurifamiliars<br \/>\nPromocions<br \/>\nReformes en general<\/p><\/div><\/div>[\/vc_column_inner][\/vc_row_inner][\/vc_column][\/vc_row][vc_row el_id=&#8221;services-design&#8221; css=&#8221;.vc_custom_1529656745648{padding-top: 100px !important;}&#8221;][vc_column][vc_gallery type=&#8221;image_grid&#8221; images=&#8221;6721,6726,6731,6736,6741,6746,6751,6756,6761,6766,6771&#8243;][\/vc_column][\/vc_row]<\/p>\n","protected":false},"excerpt":{"rendered":"<p>[vc_row full_width=&#8221;stretch_row&#8221; css=&#8221;.vc_custom_1529649200845{padding-top: 55px !important;padding-bottom: 96px !important;background-color: #f1f1f1 !important;}&#8221; el_id=&#8221;rs-about&#8221; el_class=&#8221;rs-about1&#8243;][vc_column][vc_row_inner][vc_column_inner][\/vc_column_inner][\/vc_row_inner][\/vc_column][\/vc_row][vc_row el_id=&#8221;services-design&#8221; css=&#8221;.vc_custom_1529656745648{padding-top: 100px !important;}&#8221;][vc_column][vc_gallery type=&#8221;image_grid&#8221; images=&#8221;6721,6726,6731,6736,6741,6746,6751,6756,6761,6766,6771&#8243;][\/vc_column]&#8230;<\/p>\n","protected":false},"author":1,"featured_media":0,"parent":0,"menu_order":0,"comment_status":"closed","ping_status":"closed","template":"","meta":{"footnotes":""},"class_list":["post-6840","page","type-page","status-publish","hentry"],"aioseo_notices":[],"_links":{"self":[{"href":"https:\/\/gest-bau.es\/ca\/wp-json\/wp\/v2\/pages\/6840","targetHints":{"allow":["GET"]}}],"collection":[{"href":"https:\/\/gest-bau.es\/ca\/wp-json\/wp\/v2\/pages"}],"about":[{"href":"https:\/\/gest-bau.es\/ca\/wp-json\/wp\/v2\/types\/page"}],"author":[{"embeddable":true,"href":"https:\/\/gest-bau.es\/ca\/wp-json\/wp\/v2\/users\/1"}],"replies":[{"embeddable":true,"href":"https:\/\/gest-bau.es\/ca\/wp-json\/wp\/v2\/comments?post=6840"}],"version-history":[{"count":3,"href":"https:\/\/gest-bau.es\/ca\/wp-json\/wp\/v2\/pages\/6840\/revisions"}],"predecessor-version":[{"id":6843,"href":"https:\/\/gest-bau.es\/ca\/wp-json\/wp\/v2\/pages\/6840\/revisions\/6843"}],"wp:attachment":[{"href":"https:\/\/gest-bau.es\/ca\/wp-json\/wp\/v2\/media?parent=6840"}],"curies":[{"name":"wp","href":"https:\/\/api.w.org\/{rel}","templated":true}]}}