{"id":6939,"date":"2018-05-04T12:33:19","date_gmt":"2018-05-04T12:33:19","guid":{"rendered":"https:\/\/gest-bau.es\/contacto"},"modified":"2022-05-19T15:18:19","modified_gmt":"2022-05-19T15:18:19","slug":"kontakt","status":"publish","type":"page","link":"https:\/\/gest-bau.es\/de\/kontakt","title":{"rendered":"Kontakt"},"content":{"rendered":"<p>[vc_row full_width=&#8221;stretch_row&#8221; css=&#8221;.vc_custom_1529904316305{padding-top: 100px !important;padding-bottom: 100px !important;}&#8221; el_id=&#8221;rscontact-pages&#8221;][vc_column][vc_gmaps link=&#8221;#E-8_JTNDaWZyYW1lJTIwc3JjJTNEJTIyaHR0cHMlM0ElMkYlMkZ3d3cuZ29vZ2xlLmNvbSUyRm1hcHMlMkZlbWJlZCUzRnBiJTNEJTIxMW0xOCUyMTFtMTIlMjExbTMlMjExZDMwNjYuNzkzNjgyMjA4ODQ4NiUyMTJkMy4xNDU3Nzk0NTEwODE4NjIlMjEzZDM5Ljc2Njc0MDQ3OTM0NTE0NSUyMTJtMyUyMTFmMCUyMTJmMCUyMTNmMCUyMTNtMiUyMTFpMTAyNCUyMTJpNzY4JTIxNGYxMy4xJTIxM20zJTIxMW0yJTIxMXMweDEyOTYzMjcwODIxZDM4ZWIlMjUzQTB4NTBkNWUyYjM0MWJlYTI2MyUyMTJzR2VzdC1CYXUlMjUyMFMuTCUyMTVlMCUyMTNtMiUyMTFzZXMlMjEyc2VzJTIxNHYxNjUxMzk2NTM0NzAwJTIxNW0yJTIxMXNlcyUyMTJzZXMlMjIlMjAlMjBoZWlnaHQlM0QlMjI0ODAlMjIlMjBzdHlsZSUzRCUyMmJvcmRlciUzQTAlM0IlMjIlMjBhbGxvd2Z1bGxzY3JlZW4lM0QlMjIlMjIlM0UlM0MlMkZpZnJhbWUlM0U=&#8221;][vc_row_inner css=&#8221;.vc_custom_1529485369925{padding-top: 25px !important;}&#8221;][vc_column_inner el_class=&#8221;contact-details&#8221; width=&#8221;1\/3&#8243;][vc_icon icon_fontawesome=&#8221;far fa-building&#8221; color=&#8221;black&#8221; background_style=&#8221;rounded&#8221; background_color=&#8221;orange&#8221; size=&#8221;sm&#8221; align=&#8221;center&#8221;][vc_column_text]<\/p>\n<p style=\"text-align: center;\">Gest Bau,<br \/>\nConstructora auf Mallorca<\/p>\n<p>[\/vc_column_text][\/vc_column_inner][vc_column_inner el_class=&#8221;contact-details&#8221; width=&#8221;1\/3&#8243;][vc_icon icon_fontawesome=&#8221;fa fa-phone&#8221; color=&#8221;black&#8221; background_style=&#8221;rounded&#8221; background_color=&#8221;orange&#8221; size=&#8221;sm&#8221; align=&#8221;center&#8221;][vc_column_text]<\/p>\n<p style=\"text-align: center;\">Pho.: <a href=\"tel:(+34)971 85 22 38\">(+34) 971 85 22 38<\/a><br \/>\nEmail:\u00a0<a href=\"mail:info@gest-bau.es\">info@gest-bau.es<\/a><\/p>\n<p>[\/vc_column_text][\/vc_column_inner][vc_column_inner el_class=&#8221;contact-details&#8221; width=&#8221;1\/3&#8243;][vc_icon icon_fontawesome=&#8221;far fa-map&#8221; color=&#8221;black&#8221; background_style=&#8221;rounded&#8221; background_color=&#8221;orange&#8221; size=&#8221;sm&#8221; align=&#8221;center&#8221;][vc_column_text]<\/p>\n<p style=\"text-align: center;\">C\/ Auba, 17 \u2013 Can Picafort<br \/>\n07458 \u2013 (Illes Balears)<\/p>\n<p>[\/vc_column_text][\/vc_column_inner][\/vc_row_inner][vc_row_inner css=&#8221;.vc_custom_1529485343229{padding-top: 60px !important;}&#8221; el_class=&#8221;pages-contact-form&#8221;][vc_column_inner width=&#8221;1\/4&#8243;][\/vc_column_inner][vc_column_inner width=&#8221;1\/2&#8243;][vc_column_text]<\/p>\n<h2>Formular Kontakt<\/h2>\n<p>[\/vc_column_text]\n<div class=\"wpcf7 no-js\" id=\"wpcf7-f6942-o1\" lang=\"es-ES\" dir=\"ltr\" data-wpcf7-id=\"6942\">\n<div class=\"screen-reader-response\"><p role=\"status\" aria-live=\"polite\" aria-atomic=\"true\"><\/p> <ul><\/ul><\/div>\n<form action=\"\/de\/wp-json\/wp\/v2\/pages\/6939#wpcf7-f6942-o1\" method=\"post\" class=\"wpcf7-form init\" aria-label=\"Formulario de contacto\" novalidate=\"novalidate\" data-status=\"init\">\n<fieldset class=\"hidden-fields-container\"><input type=\"hidden\" name=\"_wpcf7\" value=\"6942\" \/><input type=\"hidden\" name=\"_wpcf7_version\" value=\"6.1.5\" \/><input type=\"hidden\" name=\"_wpcf7_locale\" value=\"es_ES\" \/><input type=\"hidden\" name=\"_wpcf7_unit_tag\" value=\"wpcf7-f6942-o1\" \/><input type=\"hidden\" name=\"_wpcf7_container_post\" value=\"0\" \/><input type=\"hidden\" name=\"_wpcf7_posted_data_hash\" value=\"\" \/><input type=\"hidden\" name=\"_wpcf7_recaptcha_response\" value=\"\" \/>\n<\/fieldset>\n<p><label> Dein Name*<br \/>\n<span class=\"wpcf7-form-control-wrap\" data-name=\"your-name\"><input size=\"40\" maxlength=\"400\" class=\"wpcf7-form-control wpcf7-text wpcf7-validates-as-required\" aria-required=\"true\" aria-invalid=\"false\" value=\"\" type=\"text\" name=\"your-name\" \/><\/span> <\/label>\n<\/p>\n<p><label> Deine E-Mail*<br \/>\n<span class=\"wpcf7-form-control-wrap\" data-name=\"your-email\"><input size=\"40\" maxlength=\"400\" class=\"wpcf7-form-control wpcf7-email wpcf7-validates-as-required wpcf7-text wpcf7-validates-as-email\" aria-required=\"true\" aria-invalid=\"false\" value=\"\" type=\"email\" name=\"your-email\" \/><\/span> <\/label>\n<\/p>\n<p><label> Gesch\u00e4ft*<br \/>\n<span class=\"wpcf7-form-control-wrap\" data-name=\"your-subject\"><input size=\"40\" maxlength=\"400\" class=\"wpcf7-form-control wpcf7-text wpcf7-validates-as-required\" aria-required=\"true\" aria-invalid=\"false\" value=\"\" type=\"text\" name=\"your-subject\" \/><\/span> <\/label>\n<\/p>\n<p><label> Ihre Nachricht<br \/>\n<span class=\"wpcf7-form-control-wrap\" data-name=\"your-message\"><textarea cols=\"40\" rows=\"10\" maxlength=\"2000\" class=\"wpcf7-form-control wpcf7-textarea\" aria-invalid=\"false\" name=\"your-message\"><\/textarea><\/span> <\/label>\n<\/p>\n<p><label><br \/>\n<span class=\"wpcf7-form-control-wrap\" data-name=\"acceptance-18\"><span class=\"wpcf7-form-control wpcf7-acceptance optional\"><span class=\"wpcf7-list-item\"><label><input type=\"checkbox\" name=\"acceptance-18\" value=\"1\" id=\"privacidad\" aria-invalid=\"false\" \/><span class=\"wpcf7-list-item-label\">Ich akzeptiere das <a href=\"https:\/\/gest-bau.es\/privacidad\">Datenschutz-Bestimmungen<\/a><\/span><\/label><\/span><\/span><\/span>.<\/label>\n<\/p>\n<p style=\"font-size: 0.8em;line-height: 1.5em;\">In \u00dcbereinstimmung mit den Bestimmungen der geltenden Vorschriften zum Schutz personenbezogener Daten informieren wir Sie dar\u00fcber, dass Ihre Daten in das Verarbeitungssystem von GABRIEL PASCUAL FONT mit CIF B07842404 und Sitz in C \/ Auba, 17 \u2013 Can Picafort 07458 \u2013 aufgenommen werden. (Illes Balears), um Ihre Fragen zu beantworten und Ihnen relevante Informationen zuzusenden, die f\u00fcr Sie von Interesse sein k\u00f6nnten. In \u00dcbereinstimmung mit den geltenden Vorschriften informiert GABRIEL PASCUAL FONT, dass die Daten f\u00fcr den Zeitraum aufbewahrt werden, der unbedingt erforderlich ist, um die oben genannten Vorschriften einzuhalten. Solange Sie uns nichts anderes mitteilen, verstehen wir, dass Ihre Daten nicht ge\u00e4ndert wurden, dass Sie damit einverstanden sind, uns \u00fcber \u00c4nderungen zu informieren, und dass wir Ihre Zustimmung haben, sie f\u00fcr die oben genannten Zwecke zu verwenden. GABRIEL PASCUAL FONT teilt mit, dass sie die Daten auf rechtm\u00e4\u00dfige, loyale, transparente, angemessene, relevante, begrenzte, genaue und aktualisierte Weise behandeln wird. Deshalb verpflichtet sich GABRIEL PASCUAL FONT, alle zumutbaren Ma\u00dfnahmen zu ergreifen, damit diese bei Unrichtigkeit unverz\u00fcglich gel\u00f6scht oder berichtigt werden. Gem\u00e4\u00df den durch die geltenden Datenschutzbestimmungen gew\u00e4hrten Rechten k\u00f6nnen Sie die Rechte auf Auskunft, Berichtigung, Einschr\u00e4nkung der Behandlung, L\u00f6schung, \u00dcbertragbarkeit und Widerspruch gegen die Verarbeitung Ihrer personenbezogenen Daten sowie die Einwilligung zur Behandlung aus\u00fcben das gleiche, indem Sie Ihre Anfrage an die oben angegebene Postanschrift oder an die E-Mail-Adresse info@gest-bau.es richten\n<\/p>\n<div class=\"wpcf7-response-output\" aria-hidden=\"true\"><\/div>\n<p><input class=\"wpcf7-form-control wpcf7-submit has-spinner\" type=\"submit\" value=\"Senden\" \/>\n<\/p>\n<\/form>\n<\/div>\n[\/vc_column_inner][vc_column_inner width=&#8221;1\/4&#8243;][\/vc_column_inner][\/vc_row_inner][\/vc_column][\/vc_row]<\/p>\n","protected":false},"excerpt":{"rendered":"<p>[vc_row full_width=&#8221;stretch_row&#8221; css=&#8221;.vc_custom_1529904316305{padding-top: 100px !important;padding-bottom: 100px !important;}&#8221; el_id=&#8221;rscontact-pages&#8221;][vc_column][vc_gmaps link=&#8221;#E-8_JTNDaWZyYW1lJTIwc3JjJTNEJTIyaHR0cHMlM0ElMkYlMkZ3d3cuZ29vZ2xlLmNvbSUyRm1hcHMlMkZlbWJlZCUzRnBiJTNEJTIxMW0xOCUyMTFtMTIlMjExbTMlMjExZDMwNjYuNzkzNjgyMjA4ODQ4NiUyMTJkMy4xNDU3Nzk0NTEwODE4NjIlMjEzZDM5Ljc2Njc0MDQ3OTM0NTE0NSUyMTJtMyUyMTFmMCUyMTJmMCUyMTNmMCUyMTNtMiUyMTFpMTAyNCUyMTJpNzY4JTIxNGYxMy4xJTIxM20zJTIxMW0yJTIxMXMweDEyOTYzMjcwODIxZDM4ZWIlMjUzQTB4NTBkNWUyYjM0MWJlYTI2MyUyMTJzR2VzdC1CYXUlMjUyMFMuTCUyMTVlMCUyMTNtMiUyMTFzZXMlMjEyc2VzJTIxNHYxNjUxMzk2NTM0NzAwJTIxNW0yJTIxMXNlcyUyMTJzZXMlMjIlMjAlMjBoZWlnaHQlM0QlMjI0ODAlMjIlMjBzdHlsZSUzRCUyMmJvcmRlciUzQTAlM0IlMjIlMjBhbGxvd2Z1bGxzY3JlZW4lM0QlMjIlMjIlM0UlM0MlMkZpZnJhbWUlM0U=&#8221;][vc_row_inner css=&#8221;.vc_custom_1529485369925{padding-top: 25px !important;}&#8221;][vc_column_inner el_class=&#8221;contact-details&#8221; width=&#8221;1\/3&#8243;][vc_icon icon_fontawesome=&#8221;far fa-building&#8221; color=&#8221;black&#8221; background_style=&#8221;rounded&#8221; background_color=&#8221;orange&#8221; size=&#8221;sm&#8221;&#8230;<\/p>\n","protected":false},"author":1,"featured_media":0,"parent":0,"menu_order":0,"comment_status":"closed","ping_status":"closed","template":"","meta":{"footnotes":""},"class_list":["post-6939","page","type-page","status-publish","hentry"],"aioseo_notices":[],"_links":{"self":[{"href":"https:\/\/gest-bau.es\/de\/wp-json\/wp\/v2\/pages\/6939","targetHints":{"allow":["GET"]}}],"collection":[{"href":"https:\/\/gest-bau.es\/de\/wp-json\/wp\/v2\/pages"}],"about":[{"href":"https:\/\/gest-bau.es\/de\/wp-json\/wp\/v2\/types\/page"}],"author":[{"embeddable":true,"href":"https:\/\/gest-bau.es\/de\/wp-json\/wp\/v2\/users\/1"}],"replies":[{"embeddable":true,"href":"https:\/\/gest-bau.es\/de\/wp-json\/wp\/v2\/comments?post=6939"}],"version-history":[{"count":3,"href":"https:\/\/gest-bau.es\/de\/wp-json\/wp\/v2\/pages\/6939\/revisions"}],"predecessor-version":[{"id":6943,"href":"https:\/\/gest-bau.es\/de\/wp-json\/wp\/v2\/pages\/6939\/revisions\/6943"}],"wp:attachment":[{"href":"https:\/\/gest-bau.es\/de\/wp-json\/wp\/v2\/media?parent=6939"}],"curies":[{"name":"wp","href":"https:\/\/api.w.org\/{rel}","templated":true}]}}