{"id":7013,"date":"2018-05-07T12:41:50","date_gmt":"2018-05-07T12:41:50","guid":{"rendered":"https:\/\/gest-bau.es\/servicios"},"modified":"2022-05-19T15:45:24","modified_gmt":"2022-05-19T15:45:24","slug":"services","status":"publish","type":"page","link":"https:\/\/gest-bau.es\/de\/services","title":{"rendered":"Services"},"content":{"rendered":"<p>[vc_row full_width=&#8221;stretch_row&#8221; css=&#8221;.vc_custom_1529649200845{padding-top: 55px !important;padding-bottom: 96px !important;background-color: #f1f1f1 !important;}&#8221; el_id=&#8221;rs-about&#8221; el_class=&#8221;rs-about1&#8243;][vc_column][vc_row_inner][vc_column_inner]\r\n        <div class=\"rs-heading   center\">\r\n        \t<div class=\"title-inner\">\r\n\t            \r\n\t            <h2>Unsere Leistungen<\/h2>\r\n\t        <\/div><div class=\"description\"><p>GEST-BAU hat die Kapazit\u00e4t, die notwendigen Leistungen zur Durchf\u00fchrung und Betreibung eines Projektes und die Entwicklung von Projekten zur Verf\u00fcgung gestellt. Das Unternehmen verf\u00fcgt \u00fcber eine gro\u00dfe Bandbreite von Baumaschinen und \u00fcber ein hervorragendes Team von Mitarbeitern, sowie \u00fcber ein solides Netz von Unternehmen, die in den folgenden L\u00e4ndern t\u00e4tig sind: Installations-, Elektrik-, Schreiner-, Maler- und Gipserarbeiten Verkehr, Sicherheit, Garten- und Poolbau, technische Unterst\u00fctzung von Baumeistern und Architekten und administrativem Beistand).<\/p>\n<p>Das Unternehmen besch\u00e4ftigt sich mit der Koordinierung und \u00dcberwachung der Unternehmen mit dem Unternehmen (Subunternehmer) und mit der Qualit\u00e4tspr\u00fcfung der angewandten Materialien.<\/p>\n<p>Bau von Chalets<br \/>\nBau von Fincas<br \/>\nBau von Mehrfamilienh\u00e4usern<br \/>\nBautriger<br \/>\nAllgemeine Renovierungsarbeiten<\/p><\/div><\/div>[\/vc_column_inner][\/vc_row_inner][\/vc_column][\/vc_row][vc_row el_id=&#8221;services-design&#8221; css=&#8221;.vc_custom_1529656745648{padding-top: 100px !important;}&#8221;][vc_column][vc_gallery type=&#8221;image_grid&#8221; images=&#8221;6721,6726,6731,6736,6741,6746,6751,6756,6761,6766,6771&#8243;][\/vc_column][\/vc_row]<\/p>\n","protected":false},"excerpt":{"rendered":"<p>[vc_row full_width=&#8221;stretch_row&#8221; css=&#8221;.vc_custom_1529649200845{padding-top: 55px !important;padding-bottom: 96px !important;background-color: #f1f1f1 !important;}&#8221; el_id=&#8221;rs-about&#8221; el_class=&#8221;rs-about1&#8243;][vc_column][vc_row_inner][vc_column_inner][\/vc_column_inner][\/vc_row_inner][\/vc_column][\/vc_row][vc_row el_id=&#8221;services-design&#8221; css=&#8221;.vc_custom_1529656745648{padding-top: 100px !important;}&#8221;][vc_column][vc_gallery type=&#8221;image_grid&#8221; images=&#8221;6721,6726,6731,6736,6741,6746,6751,6756,6761,6766,6771&#8243;][\/vc_column]&#8230;<\/p>\n","protected":false},"author":1,"featured_media":0,"parent":0,"menu_order":0,"comment_status":"closed","ping_status":"closed","template":"","meta":{"footnotes":""},"class_list":["post-7013","page","type-page","status-publish","hentry"],"aioseo_notices":[],"_links":{"self":[{"href":"https:\/\/gest-bau.es\/de\/wp-json\/wp\/v2\/pages\/7013","targetHints":{"allow":["GET"]}}],"collection":[{"href":"https:\/\/gest-bau.es\/de\/wp-json\/wp\/v2\/pages"}],"about":[{"href":"https:\/\/gest-bau.es\/de\/wp-json\/wp\/v2\/types\/page"}],"author":[{"embeddable":true,"href":"https:\/\/gest-bau.es\/de\/wp-json\/wp\/v2\/users\/1"}],"replies":[{"embeddable":true,"href":"https:\/\/gest-bau.es\/de\/wp-json\/wp\/v2\/comments?post=7013"}],"version-history":[{"count":2,"href":"https:\/\/gest-bau.es\/de\/wp-json\/wp\/v2\/pages\/7013\/revisions"}],"predecessor-version":[{"id":7015,"href":"https:\/\/gest-bau.es\/de\/wp-json\/wp\/v2\/pages\/7013\/revisions\/7015"}],"wp:attachment":[{"href":"https:\/\/gest-bau.es\/de\/wp-json\/wp\/v2\/media?parent=7013"}],"curies":[{"name":"wp","href":"https:\/\/api.w.org\/{rel}","templated":true}]}}