{"id":7027,"date":"2018-05-04T12:33:19","date_gmt":"2018-05-04T12:33:19","guid":{"rendered":"https:\/\/gest-bau.es\/contacto"},"modified":"2022-05-19T16:10:32","modified_gmt":"2022-05-19T16:10:32","slug":"contact","status":"publish","type":"page","link":"https:\/\/gest-bau.es\/fr\/contact","title":{"rendered":"Contact"},"content":{"rendered":"<p>[vc_row full_width=&#8221;stretch_row&#8221; css=&#8221;.vc_custom_1529904316305{padding-top: 100px !important;padding-bottom: 100px !important;}&#8221; el_id=&#8221;rscontact-pages&#8221;][vc_column][vc_gmaps link=&#8221;#E-8_JTNDaWZyYW1lJTIwc3JjJTNEJTIyaHR0cHMlM0ElMkYlMkZ3d3cuZ29vZ2xlLmNvbSUyRm1hcHMlMkZlbWJlZCUzRnBiJTNEJTIxMW0xOCUyMTFtMTIlMjExbTMlMjExZDMwNjYuNzkzNjgyMjA4ODQ4NiUyMTJkMy4xNDU3Nzk0NTEwODE4NjIlMjEzZDM5Ljc2Njc0MDQ3OTM0NTE0NSUyMTJtMyUyMTFmMCUyMTJmMCUyMTNmMCUyMTNtMiUyMTFpMTAyNCUyMTJpNzY4JTIxNGYxMy4xJTIxM20zJTIxMW0yJTIxMXMweDEyOTYzMjcwODIxZDM4ZWIlMjUzQTB4NTBkNWUyYjM0MWJlYTI2MyUyMTJzR2VzdC1CYXUlMjUyMFMuTCUyMTVlMCUyMTNtMiUyMTFzZXMlMjEyc2VzJTIxNHYxNjUxMzk2NTM0NzAwJTIxNW0yJTIxMXNlcyUyMTJzZXMlMjIlMjAlMjBoZWlnaHQlM0QlMjI0ODAlMjIlMjBzdHlsZSUzRCUyMmJvcmRlciUzQTAlM0IlMjIlMjBhbGxvd2Z1bGxzY3JlZW4lM0QlMjIlMjIlM0UlM0MlMkZpZnJhbWUlM0U=&#8221;][vc_row_inner css=&#8221;.vc_custom_1529485369925{padding-top: 25px !important;}&#8221;][vc_column_inner el_class=&#8221;contact-details&#8221; width=&#8221;1\/3&#8243;][vc_icon icon_fontawesome=&#8221;far fa-building&#8221; color=&#8221;black&#8221; background_style=&#8221;rounded&#8221; background_color=&#8221;orange&#8221; size=&#8221;sm&#8221; align=&#8221;center&#8221;][vc_column_text]<\/p>\n<p style=\"text-align: center;\">Gest Bau,<br \/>\nEntreprise de construction \u00e0 Majorque<\/p>\n<p>[\/vc_column_text][\/vc_column_inner][vc_column_inner el_class=&#8221;contact-details&#8221; width=&#8221;1\/3&#8243;][vc_icon icon_fontawesome=&#8221;fa fa-phone&#8221; color=&#8221;black&#8221; background_style=&#8221;rounded&#8221; background_color=&#8221;orange&#8221; size=&#8221;sm&#8221; align=&#8221;center&#8221;][vc_column_text]<\/p>\n<p style=\"text-align: center;\">T\u00e9l.: <a href=\"tel:(+34)971 85 22 38\">(+34) 971 85 22 38<\/a><br \/>\nEmail:\u00a0<a href=\"mail:info@gest-bau.es\">info@gest-bau.es<\/a><\/p>\n<p>[\/vc_column_text][\/vc_column_inner][vc_column_inner el_class=&#8221;contact-details&#8221; width=&#8221;1\/3&#8243;][vc_icon icon_fontawesome=&#8221;far fa-map&#8221; color=&#8221;black&#8221; background_style=&#8221;rounded&#8221; background_color=&#8221;orange&#8221; size=&#8221;sm&#8221; align=&#8221;center&#8221;][vc_column_text]<\/p>\n<p style=\"text-align: center;\">C\/ Auba, 17 \u2013 Can Picafort<br \/>\n07458 \u2013 (Illes Balears)<br \/>\nEspagne<\/p>\n<p>[\/vc_column_text][\/vc_column_inner][\/vc_row_inner][vc_row_inner css=&#8221;.vc_custom_1529485343229{padding-top: 60px !important;}&#8221; el_class=&#8221;pages-contact-form&#8221;][vc_column_inner width=&#8221;1\/4&#8243;][\/vc_column_inner][vc_column_inner width=&#8221;1\/2&#8243;][vc_column_text]<\/p>\n<h2>Formulaire de contact<\/h2>\n<p>[\/vc_column_text]\n<div class=\"wpcf7 no-js\" id=\"wpcf7-f7030-o1\" lang=\"es-ES\" dir=\"ltr\" data-wpcf7-id=\"7030\">\n<div class=\"screen-reader-response\"><p role=\"status\" aria-live=\"polite\" aria-atomic=\"true\"><\/p> <ul><\/ul><\/div>\n<form action=\"\/fr\/wp-json\/wp\/v2\/pages\/7027#wpcf7-f7030-o1\" method=\"post\" class=\"wpcf7-form init\" aria-label=\"Formulario de contacto\" novalidate=\"novalidate\" data-status=\"init\">\n<fieldset class=\"hidden-fields-container\"><input type=\"hidden\" name=\"_wpcf7\" value=\"7030\" \/><input type=\"hidden\" name=\"_wpcf7_version\" value=\"6.1.5\" \/><input type=\"hidden\" name=\"_wpcf7_locale\" value=\"es_ES\" \/><input type=\"hidden\" name=\"_wpcf7_unit_tag\" value=\"wpcf7-f7030-o1\" \/><input type=\"hidden\" name=\"_wpcf7_container_post\" value=\"0\" \/><input type=\"hidden\" name=\"_wpcf7_posted_data_hash\" value=\"\" \/><input type=\"hidden\" name=\"_wpcf7_recaptcha_response\" value=\"\" \/>\n<\/fieldset>\n<p><label> Votre nom*<br \/>\n<span class=\"wpcf7-form-control-wrap\" data-name=\"your-name\"><input size=\"40\" maxlength=\"400\" class=\"wpcf7-form-control wpcf7-text wpcf7-validates-as-required\" aria-required=\"true\" aria-invalid=\"false\" value=\"\" type=\"text\" name=\"your-name\" \/><\/span> <\/label>\n<\/p>\n<p><label> Votre e-mail*<br \/>\n<span class=\"wpcf7-form-control-wrap\" data-name=\"your-email\"><input size=\"40\" maxlength=\"400\" class=\"wpcf7-form-control wpcf7-email wpcf7-validates-as-required wpcf7-text wpcf7-validates-as-email\" aria-required=\"true\" aria-invalid=\"false\" value=\"\" type=\"email\" name=\"your-email\" \/><\/span> <\/label>\n<\/p>\n<p><label> Sujet*<br \/>\n<span class=\"wpcf7-form-control-wrap\" data-name=\"your-subject\"><input size=\"40\" maxlength=\"400\" class=\"wpcf7-form-control wpcf7-text wpcf7-validates-as-required\" aria-required=\"true\" aria-invalid=\"false\" value=\"\" type=\"text\" name=\"your-subject\" \/><\/span> <\/label>\n<\/p>\n<p><label> Son message<br \/>\n<span class=\"wpcf7-form-control-wrap\" data-name=\"your-message\"><textarea cols=\"40\" rows=\"10\" maxlength=\"2000\" class=\"wpcf7-form-control wpcf7-textarea\" aria-invalid=\"false\" name=\"your-message\"><\/textarea><\/span> <\/label>\n<\/p>\n<p><label><br \/>\n<span class=\"wpcf7-form-control-wrap\" data-name=\"acceptance-18\"><span class=\"wpcf7-form-control wpcf7-acceptance optional\"><span class=\"wpcf7-list-item\"><label><input type=\"checkbox\" name=\"acceptance-18\" value=\"1\" id=\"privacidad\" aria-invalid=\"false\" \/><span class=\"wpcf7-list-item-label\">J'accepte la <a href=\"https:\/\/gest-bau.es\/privacidad\">politique de confidentialit\u00e9<\/a><\/span><\/label><\/span><\/span><\/span>.<\/label>\n<\/p>\n<p style=\"font-size: 0.8em;line-height: 1.5em;\">Conform\u00e9ment aux dispositions de la r\u00e9glementation en vigueur sur la protection des donn\u00e9es personnelles, nous vous informons que vos donn\u00e9es seront int\u00e9gr\u00e9es dans le syst\u00e8me de traitement appartenant \u00e0 GABRIEL PASCUAL FONT avec CIF B07842404 et si\u00e8ge social \u00e0 C \/ Auba, 17 \u2013 Can Picafort 07458 \u2013 (Illes Balears), afin de r\u00e9pondre \u00e0 vos questions et de vous envoyer des informations connexes susceptibles de vous int\u00e9resser. Conform\u00e9ment \u00e0 la r\u00e9glementation en vigueur, GABRIEL PASCUAL FONT informe que les donn\u00e9es seront conserv\u00e9es pendant la dur\u00e9e strictement n\u00e9cessaire au respect des pr\u00e9ceptes mentionn\u00e9s ci-dessus. Tant que vous ne nous informez pas autrement, nous comprendrons que vos donn\u00e9es n'ont pas \u00e9t\u00e9 modifi\u00e9es, que vous vous engagez \u00e0 nous informer de toute variation et que nous avons votre consentement pour les utiliser aux fins susmentionn\u00e9es. GABRIEL PASCUAL FONT informe qu'il proc\u00e9dera au traitement des donn\u00e9es de mani\u00e8re licite, loyale, transparente, ad\u00e9quate, pertinente, limit\u00e9e, exacte et mise \u00e0 jour. C'est pourquoi GABRIEL PASCUAL FONT s'engage \u00e0 adopter toutes les mesures raisonnables pour que celles-ci soient supprim\u00e9es ou rectifi\u00e9es sans d\u00e9lai lorsqu'elles sont inexactes. Conform\u00e9ment aux droits conf\u00e9r\u00e9s par la r\u00e9glementation en vigueur sur la protection des donn\u00e9es, vous pouvez exercer les droits d'acc\u00e8s, de rectification, de limitation de traitement, de suppression, de portabilit\u00e9 et d'opposition au traitement de vos donn\u00e9es personnelles ainsi que le consentement donn\u00e9 au traitement de celles-ci. de m\u00eame, en adressant votre demande \u00e0 l'adresse postale indiqu\u00e9e ci-dessus ou \u00e0 l'e-mail info@gest-bau.es\n<\/p>\n<div class=\"wpcf7-response-output\" aria-hidden=\"true\"><\/div>\n<p><input class=\"wpcf7-form-control wpcf7-submit has-spinner\" type=\"submit\" value=\"Envoyer\" \/>\n<\/p>\n<\/form>\n<\/div>\n[\/vc_column_inner][vc_column_inner width=&#8221;1\/4&#8243;][\/vc_column_inner][\/vc_row_inner][\/vc_column][\/vc_row]<\/p>\n","protected":false},"excerpt":{"rendered":"<p>[vc_row full_width=&#8221;stretch_row&#8221; css=&#8221;.vc_custom_1529904316305{padding-top: 100px !important;padding-bottom: 100px !important;}&#8221; el_id=&#8221;rscontact-pages&#8221;][vc_column][vc_gmaps link=&#8221;#E-8_JTNDaWZyYW1lJTIwc3JjJTNEJTIyaHR0cHMlM0ElMkYlMkZ3d3cuZ29vZ2xlLmNvbSUyRm1hcHMlMkZlbWJlZCUzRnBiJTNEJTIxMW0xOCUyMTFtMTIlMjExbTMlMjExZDMwNjYuNzkzNjgyMjA4ODQ4NiUyMTJkMy4xNDU3Nzk0NTEwODE4NjIlMjEzZDM5Ljc2Njc0MDQ3OTM0NTE0NSUyMTJtMyUyMTFmMCUyMTJmMCUyMTNmMCUyMTNtMiUyMTFpMTAyNCUyMTJpNzY4JTIxNGYxMy4xJTIxM20zJTIxMW0yJTIxMXMweDEyOTYzMjcwODIxZDM4ZWIlMjUzQTB4NTBkNWUyYjM0MWJlYTI2MyUyMTJzR2VzdC1CYXUlMjUyMFMuTCUyMTVlMCUyMTNtMiUyMTFzZXMlMjEyc2VzJTIxNHYxNjUxMzk2NTM0NzAwJTIxNW0yJTIxMXNlcyUyMTJzZXMlMjIlMjAlMjBoZWlnaHQlM0QlMjI0ODAlMjIlMjBzdHlsZSUzRCUyMmJvcmRlciUzQTAlM0IlMjIlMjBhbGxvd2Z1bGxzY3JlZW4lM0QlMjIlMjIlM0UlM0MlMkZpZnJhbWUlM0U=&#8221;][vc_row_inner css=&#8221;.vc_custom_1529485369925{padding-top: 25px !important;}&#8221;][vc_column_inner el_class=&#8221;contact-details&#8221; width=&#8221;1\/3&#8243;][vc_icon icon_fontawesome=&#8221;far fa-building&#8221; color=&#8221;black&#8221; background_style=&#8221;rounded&#8221; background_color=&#8221;orange&#8221; size=&#8221;sm&#8221;&#8230;<\/p>\n","protected":false},"author":1,"featured_media":0,"parent":0,"menu_order":0,"comment_status":"closed","ping_status":"closed","template":"","meta":{"footnotes":""},"class_list":["post-7027","page","type-page","status-publish","hentry"],"aioseo_notices":[],"_links":{"self":[{"href":"https:\/\/gest-bau.es\/fr\/wp-json\/wp\/v2\/pages\/7027","targetHints":{"allow":["GET"]}}],"collection":[{"href":"https:\/\/gest-bau.es\/fr\/wp-json\/wp\/v2\/pages"}],"about":[{"href":"https:\/\/gest-bau.es\/fr\/wp-json\/wp\/v2\/types\/page"}],"author":[{"embeddable":true,"href":"https:\/\/gest-bau.es\/fr\/wp-json\/wp\/v2\/users\/1"}],"replies":[{"embeddable":true,"href":"https:\/\/gest-bau.es\/fr\/wp-json\/wp\/v2\/comments?post=7027"}],"version-history":[{"count":3,"href":"https:\/\/gest-bau.es\/fr\/wp-json\/wp\/v2\/pages\/7027\/revisions"}],"predecessor-version":[{"id":7031,"href":"https:\/\/gest-bau.es\/fr\/wp-json\/wp\/v2\/pages\/7027\/revisions\/7031"}],"wp:attachment":[{"href":"https:\/\/gest-bau.es\/fr\/wp-json\/wp\/v2\/media?parent=7027"}],"curies":[{"name":"wp","href":"https:\/\/api.w.org\/{rel}","templated":true}]}}