{"id":7033,"date":"2022-04-29T14:46:49","date_gmt":"2022-04-29T14:46:49","guid":{"rendered":"https:\/\/gest-bau.es\/legal"},"modified":"2022-05-19T16:12:31","modified_gmt":"2022-05-19T16:12:31","slug":"legal","status":"publish","type":"page","link":"https:\/\/gest-bau.es\/fr\/legal","title":{"rendered":"L\u00e9gal"},"content":{"rendered":"<p>[vc_row][vc_column][vc_column_text]Mediante este documento se establecen las Condiciones Generales de Acceso y Uso del sitio web immopascual.com (en adelante, Condiciones), propiedad de GABRIEL PASCUAL FONT (en adelante EL PROVEEDOR), con CIF 78202293Q y domicilio en Avinguda de Costa i Llobera, 18, 07570, Art\u00e0, Islas Baleares (Espa\u00f1a). El acceso y\/o uso del sitio web de EL PROVEEDOR por parte de los usuarios est\u00e1 condicionado a la previa lectura y aceptaci\u00f3n \u00edntegra, expresa y sin reservas de las presentes Condiciones vigentes en el momento del acceso. Si el usuario no estuviera de acuerdo con las presentes Condiciones, deber\u00e1 abstenerse de utilizar este portal y de operar por medio del mismo. El usuario es plenamente consciente de que la mera navegaci\u00f3n por la presente p\u00e1gina web, as\u00ed como la utilizaci\u00f3n de sus servicios, implica la aceptaci\u00f3n de las presentes Condiciones.<\/p>\n<p><strong>Responsabilidad del Usuario<\/strong><\/p>\n<p>El acceso a nuestro sitio web se realiza bajo la propia y exclusiva responsabilidad del usuario, que responder\u00e1 en todo caso de los da\u00f1os y perjuicios que pueda causar a terceros o a EL PROVEEDOR. El usuario asume toda la responsabilidad derivada del uso del Sitio Web, siendo el \u00fanico responsable de todo efecto directo o indirecto que sobre la p\u00e1gina web se derive, incluyendo, de forma enunciativa y no limitativa, todo resultado econ\u00f3mico, t\u00e9cnico y\/o jur\u00eddico adverso, as\u00ed como la defraudaci\u00f3n de las expectativas generadas por el Sitio Web, oblig\u00e1ndose el usuario a mantener indemne a EL PROVEEDOR por cualesquiera reclamaciones derivadas, directa o indirectamente de tales hechos.<\/p>\n<p>El incumplimiento de las presentes Condiciones, as\u00ed como el desarrollo de cualquier actividad il\u00edcita o contraria a las Condiciones de Contrataci\u00f3n de EL PROVEEDOR, podr\u00e1 implicar la p\u00e9rdida de la condici\u00f3n de usuario y, por tanto, el acceso.<\/p>\n<p><strong>Buen uso del servicio<\/strong><\/p>\n<p>El usuario est\u00e1 obligado a hacer un buen uso del servicio y por tanto a no utilizarlo de mala fe para cualquier pr\u00e1ctica que est\u00e9 prohibida por la ley o rechazada por los usos mercantiles. EL PROVEEDOR queda facultada por medio de las presentes Condiciones Generales, a partir del momento en que tenga conocimiento fehaciente de la realizaci\u00f3n por parte del usuario de cualquier actuaci\u00f3n o uso ilegal en general, a poner en conocimiento de las autoridades competentes estas circunstancias y dar de baja al usuario o restringirle el acceso al sitio web o a los Servicios de EL PROVEEDOR. El usuario ser\u00e1 el \u00fanico responsable frente a cualquier reclamaci\u00f3n o acci\u00f3n legal, judicial o extrajudicial iniciada por terceros perjudicados directamente por el usuario ante Juzgados u otros organismos, asumiendo este todos los gastos, costes e indemnizaciones que, en su caso, pueda asumir EL PROVEEDOR si la reclamaci\u00f3n es dirigida contra esta. Asimismo, EL PROVEEDOR colaborar\u00e1 y notificar\u00e1 a la autoridad competente estas incidencias en el momento en que tenga conocimiento fehaciente de que los da\u00f1os ocasionados constituyan cualquier tipo de actividad il\u00edcita.<\/p>\n<p><strong>Conocimiento fehaciente<\/strong><\/p>\n<p>EL PROVEEDOR, en caso de recibir alg\u00fan tipo de comunicado por parte de un tercero sobre la supuesta ilicitud de alg\u00fan contenido o actividad llevada a cabo por un usuario de los servicios de EL PROVEEDOR, y siempre y cuando esta comunicaci\u00f3n sea recibida de modo que el comunicante se identifique correctamente, proceder\u00e1 a ponerlo en conocimiento del usuario y, en caso de que la actividad sea manifiestamente il\u00edcita, proceder\u00e1 a bloquear el servicio en cuesti\u00f3n. Para que esta actividad sea manifiestamente il\u00edcita esta ilicitud debe ser inequ\u00edvoca para cualquiera que acceda a esos contenidos. En casos concretos como derechos de autor o injurias y calumnias EL PROVEEDOR no puede entrar a dirimir si el usuario tiene o no derecho a mostrar esos contenidos o si los mismos son constitutivos de injurias o calumnias siendo \u00fanicamente la autoridad competente quien pueda indicar fehacientemente esa ilicitud y, por tanto, ordenar el cese del servicio.<\/p>\n<p><strong>Guardia y custodia de claves de acceso<\/strong><\/p>\n<p>El usuario ser\u00e1 responsable de la seguridad y confidencialidad de todas las claves cobtenidas de EL PROVEEDOR\u2013que le son otorgadas al registrarse- debiendo guardarlas en lugar seguro con el fin de impedir el acceso a terceros no autorizados.<\/p>\n<p><strong>Diligencia debida<\/strong><\/p>\n<p>El usuario se responsabiliza de realizar todas las actuaciones que le sean requeridas con la diligencia debida. Con car\u00e1cter especial, el usuario debe ser diligente en lo que se refiere a la actualizaci\u00f3n y veracidad de sus datos, fundamentalmente del correo electr\u00f3nico se\u00f1alado en el formulario de registro de usuario como v\u00eda principal de contacto con EL PROVEEDOR- ver cl\u00e1usula 8-.<\/p>\n<p><strong>Comunicaciones<\/strong><\/p>\n<p>EL PROVEEDOR y el usuario acuerdan comunicarse y notificarse todas las incidencias que se produzcan a lo largo de la vigencia de los distintos servicios que pueda tener contratados, preferentemente y previo a cualquier otra v\u00eda de comunicaci\u00f3n, mediante correo electr\u00f3nico. El correo de EL PROVEEDOR para estas comunicaciones ser\u00e1 el indicado en la caebecera o pie de estas condiciones legales y el del usuario ser\u00e1 el facilitado en el formulario de registro de usuario de EL PROVEEDOR en el sitio web, o en su defecto el utilizado para contactar con EL PROVEEDOR. El usuario se compromete a tener operativo este correo electr\u00f3nico. En todo caso, si sucediese cualquier problema urgente o fallo en la anterior comunicaci\u00f3n, las comunicaciones se realizar\u00e1n mediante tel\u00e9fono, fax, correo postal, mensajer\u00eda o cualquier otro sistema adecuado al fin que se persiga. Sin embargo, la v\u00eda de comunicaci\u00f3n preferente es la del correo electr\u00f3nico, quedando exenta EL PROVEEDOR de todo tipo de responsabilidad que se pueda derivar por la falta de consulta o error en el correo electr\u00f3nico facilitado por el usuario. Cada una de las partes ser\u00e1 responsable de la guarda y custodia de las copias de las comunicaciones que se realicen.<\/p>\n<p><strong>Derechos de Autor y Marca<\/strong><\/p>\n<p>Queda prohibida la utilizaci\u00f3n ajena por cualquier medio de la marca de EL PROVEEDOR, que incluye tanto el nombre como el logotipo, salvo consentimiento expreso de EL PROVEEDOR. Quedan reservados todos los derechos. Adem\u00e1s, el sitio web de EL PROVEEDOR \u2013incluyendo a t\u00edtulo enunciativo pero no limitativo su programaci\u00f3n, edici\u00f3n, compilaci\u00f3n y dem\u00e1s elementos necesarios para su funcionamiento, los dise\u00f1os, logotipos, texto y\/o gr\u00e1ficos- es propiedad de EL PROVEEDOR, o en su caso dispone de licencia o autorizaci\u00f3n expresa por parte de los autores\/titulares para utilizar los contenidos que muestra. Todos los contenidos del sitio web se encuentran plenamente protegido por los derechos de autor, quedando expresamente prohibida toda reproducci\u00f3n, comunicaci\u00f3n, distribuci\u00f3n y transformaci\u00f3n de los referidos elementos protegidos salvo consentimiento expreso de EL PROVEEDOR.<\/p>\n<p>Los materiales tanto gr\u00e1ficos como escritos enviados por los usuarios a trav\u00e9s de los medios que se ponen a su disposici\u00f3n en el sitio web son propiedad del usuario que afirma al enviarlos su leg\u00edtima autor\u00eda y cede los derechos de reproducci\u00f3n y distribuci\u00f3n a EL PROVEEDOR.<\/p>\n<p><strong>Jurisdicci\u00f3n y Ley Aplicable<\/strong><\/p>\n<p>Las presentes Condiciones Generales se rigen por la legislaci\u00f3n espa\u00f1ola. Espec\u00edficamente est\u00e1n sujetas a lo dispuesto en las siguientes normas: Ley 7\/1988 de 13 de Abril, sobre Condiciones Generales de Contrataci\u00f3n; Real Decreto Legislativo 1\/2007, de 16 de noviembre, por el que se aprueba el texto refundido de la Ley General para la Defensa de los Consumidores y Usuarios y otras leyes complementarias; Ley Org\u00e1nica 15\/1999 de 13 de Diciembre, sobre Protecci\u00f3n de Datos de Car\u00e1cter Personal; Ley 7\/1996, de 15 de Enero de Ordenaci\u00f3n del Comercio Minorista; Ley 34\/2002, de 11 de Julio, de Servicios de la Sociedad de la Informaci\u00f3n y Comercio Electr\u00f3nico; Ley 16\/2009, de 13 de noviembre, de servicios de pago; as\u00ed como cualquier otra norma que las desarrolle o modifique.<\/p>\n<p>Para la resoluci\u00f3n de cualquier controversia o conflicto que se derive de las presentes Condiciones Generales ser\u00e1n competentes los Juzgados y Tribunales de Palma de Mallorca, renunciando expresamente la persona contratante a cualquier otro fuero que pudiera corresponderle.<\/p>\n<p><strong>Miscel\u00e1nea<\/strong><\/p>\n<p>En caso de que cualquier cl\u00e1usula del presente documento sea declarada nula, las dem\u00e1s cl\u00e1usulas seguir\u00e1n vigentes y se interpretar\u00e1n teniendo en cuenta la voluntad de las partes y la finalidad misma de las presentes condiciones. El presente contrato se realiza \u00fanicamente en espa\u00f1ol. EL PROVEEDOR podr\u00e1 no ejercitar alguno de los derechos y facultades conferidos en este documento, lo que no implicar\u00e1 en ning\u00fan caso la renuncia a los mismos, salvo reconocimiento expreso por parte de EL PROVEEDOR. Las presentes Condiciones Generales se encuentran registradas en el Registro General de Condiciones de Contrataci\u00f3n para otorgar transparencia y seguridad a todo el proceso.[\/vc_column_text][\/vc_column][\/vc_row]<\/p>\n","protected":false},"excerpt":{"rendered":"<p>[vc_row][vc_column][vc_column_text]Mediante este documento se establecen las Condiciones Generales de Acceso y Uso del sitio web immopascual.com (en adelante, Condiciones), propiedad&#8230;<\/p>\n","protected":false},"author":1,"featured_media":0,"parent":0,"menu_order":0,"comment_status":"closed","ping_status":"closed","template":"","meta":{"footnotes":""},"class_list":["post-7033","page","type-page","status-publish","hentry"],"aioseo_notices":[],"_links":{"self":[{"href":"https:\/\/gest-bau.es\/fr\/wp-json\/wp\/v2\/pages\/7033","targetHints":{"allow":["GET"]}}],"collection":[{"href":"https:\/\/gest-bau.es\/fr\/wp-json\/wp\/v2\/pages"}],"about":[{"href":"https:\/\/gest-bau.es\/fr\/wp-json\/wp\/v2\/types\/page"}],"author":[{"embeddable":true,"href":"https:\/\/gest-bau.es\/fr\/wp-json\/wp\/v2\/users\/1"}],"replies":[{"embeddable":true,"href":"https:\/\/gest-bau.es\/fr\/wp-json\/wp\/v2\/comments?post=7033"}],"version-history":[{"count":1,"href":"https:\/\/gest-bau.es\/fr\/wp-json\/wp\/v2\/pages\/7033\/revisions"}],"predecessor-version":[{"id":7034,"href":"https:\/\/gest-bau.es\/fr\/wp-json\/wp\/v2\/pages\/7033\/revisions\/7034"}],"wp:attachment":[{"href":"https:\/\/gest-bau.es\/fr\/wp-json\/wp\/v2\/media?parent=7033"}],"curies":[{"name":"wp","href":"https:\/\/api.w.org\/{rel}","templated":true}]}}