{"id":7036,"date":"2018-05-07T12:41:11","date_gmt":"2018-05-07T12:41:11","guid":{"rendered":"https:\/\/gest-bau.es\/nosotros"},"modified":"2022-05-27T15:22:27","modified_gmt":"2022-05-27T15:22:27","slug":"nous","status":"publish","type":"page","link":"https:\/\/gest-bau.es\/fr\/nous","title":{"rendered":"\u00c0 propos"},"content":{"rendered":"<p>[vc_row css=&#8221;.vc_custom_1529903784328{margin-top: 91px !important;}&#8221; el_class=&#8221;rs-about1&#8243;][vc_column]\r\n        <div class=\"rs-heading  border-style center\">\r\n        \t<div class=\"title-inner\">\r\n\t            \r\n\t            <h2>20 ans d'exp\u00e9rience<\/h2>\r\n\t        <\/div><\/div>[vc_row_inner gap=&#8221;15&#8243;][vc_column_inner width=&#8221;1\/2&#8243;][vc_column_text]La soci\u00e9t\u00e9 dispose d\u2019une \u00e9quipe s\u00e9lectionn\u00e9e et exp\u00e9riment\u00e9e encadr\u00e9e de sp\u00e9cialistes, beaucoup d\u2019entre eux ayant une longue carri\u00e8re avec nous.<\/p>\n<p>GEST-BAU se concentre sur la s\u00e9curit\u00e9 de l\u2019emploi et la formation continue de son personnel dans la gestion des nouvelles technologies et des nouveaux mat\u00e9riaux.<\/p>\n<p>Nous appr\u00e9cions le professionnalisme de nos employ\u00e9s et de notre encadrement ainsi que leur capacit\u00e9 \u00e0 travailler et s\u2019impliquer dans nos projets de developpement<\/p>\n<p>Nous sommes fiers de contribuer \u00e0 l\u2019int\u00e9gration sociale des travailleurs d\u2019autres cultures et \u00e0 une convivialit\u00e9 et \u00e0 un respect mutuel ax\u00e9s sur l\u2019apprentissage dans l\u2019accomplissement de notre mission de solidarit\u00e9 au sein de la soci\u00e9t\u00e9 .[\/vc_column_text][\/vc_column_inner][vc_column_inner width=&#8221;1\/2&#8243;][vc_single_image image=&#8221;2779&#8243; img_size=&#8221;full&#8221;][\/vc_column_inner][\/vc_row_inner][\/vc_column][\/vc_row][vc_row full_width=&#8221;stretch_row&#8221; disable_element=&#8221;yes&#8221; css=&#8221;.vc_custom_1652947912297{padding-top: 90px !important;padding-bottom: 70px !important;background-color: #f5f5f5 !important;}&#8221; el_id=&#8221;rs-services&#8221; el_class=&#8221;our-services2 flat-style&#8221;][vc_column]\r\n        <div class=\"rs-heading  vc_custom_1530002968301 border-style center\">\r\n        \t<div class=\"title-inner\">\r\n\t            \r\n\t            <h2>Why Choose Us<\/h2>\r\n\t        <\/div><\/div>[vc_row_inner css=&#8221;.vc_custom_1529656084447{margin-bottom: 30px !important;}&#8221;][vc_column_inner width=&#8221;1\/3&#8243; css=&#8221;.vc_custom_1528394406117{background-position: center !important;background-repeat: no-repeat !important;background-size: cover !important;}&#8221;]<div class=\"rs-services\"><div class=\"service-inner services-style-3 center  vc_custom_1529650559821 \">\n\t\t<div class=\"services-wrap\"> \n         <div class=\"services-item\">\n            <div class=\"services-icon\">\n                <a href=\"http:\/\/keenitsolutions.com\/products\/wordpress\/brickx\/green-building\/\" title=\"\"><img decoding=\"async\" src=\"https:\/\/gest-bau.es\/wp-content\/uploads\/2018\/06\/011-house.png\" alt=\"100% Satisfaction\" \/><\/a>\n             <\/div>\n        \n\t\t<div class=\"services-desc\">\n\t\t\t<h3 class=\"services-title services-title2\"><a href=\"http:\/\/keenitsolutions.com\/products\/wordpress\/brickx\/green-building\/\" title=\"\">100% Satisfaction<\/a><\/h3>\n\t\t\t<p>At vero eos et accusamus et iusto odiodignissimos laborumducimus qui blanditiis praesentium voluptatum deleniti<\/p>\n\t\t\t\n\t\t<\/div>\t\t\n\t\t<\/div>\t\n\t<\/div>\n\t<\/div><\/div>[\/vc_column_inner][vc_column_inner width=&#8221;1\/3&#8243; css=&#8221;.vc_custom_1528394202693{background-position: center !important;background-repeat: no-repeat !important;background-size: cover !important;}&#8221;]<div class=\"rs-services\"><div class=\"service-inner services-style-3 center  vc_custom_1529655558091 \">\n\t\t<div class=\"services-wrap\"> \n         <div class=\"services-item\">\n            <div class=\"services-icon\">\n                <a href=\"http:\/\/keenitsolutions.com\/products\/wordpress\/brickx\/house-renovation\/\" title=\"\"><img decoding=\"async\" src=\"https:\/\/gest-bau.es\/wp-content\/uploads\/2018\/06\/005-roller.png\" alt=\"More Reliability\" \/><\/a>\n             <\/div>\n        \n\t\t<div class=\"services-desc\">\n\t\t\t<h3 class=\"services-title services-title2\"><a href=\"http:\/\/keenitsolutions.com\/products\/wordpress\/brickx\/house-renovation\/\" title=\"\">More Reliability<\/a><\/h3>\n\t\t\t<p>At vero eos et accusamus et iusto odiodignissimos laborumducimus qui blanditiis praesentium voluptatum deleniti<\/p>\n\t\t\t\n\t\t<\/div>\t\t\n\t\t<\/div>\t\n\t<\/div>\n\t<\/div><\/div>[\/vc_column_inner][vc_column_inner width=&#8221;1\/3&#8243; css=&#8221;.vc_custom_1528394418436{background-position: center !important;background-repeat: no-repeat !important;background-size: cover !important;}&#8221;]<div class=\"rs-services\"><div class=\"service-inner services-style-3 center  vc_custom_1529650581495 \">\n\t\t<div class=\"services-wrap\"> \n         <div class=\"services-item\">\n            <div class=\"services-icon\">\n                <a href=\"http:\/\/keenitsolutions.com\/products\/wordpress\/brickx\/metal-roofing\/\" title=\"\"><img decoding=\"async\" src=\"https:\/\/gest-bau.es\/wp-content\/uploads\/2018\/06\/001-car.png\" alt=\"Quality Work\" \/><\/a>\n             <\/div>\n        \n\t\t<div class=\"services-desc\">\n\t\t\t<h3 class=\"services-title services-title2\"><a href=\"http:\/\/keenitsolutions.com\/products\/wordpress\/brickx\/metal-roofing\/\" title=\"\">Quality Work<\/a><\/h3>\n\t\t\t<p>At vero eos et accusamus et iusto odiodignissimos laborumducimus qui blanditiis praesentium voluptatum deleniti<\/p>\n\t\t\t\n\t\t<\/div>\t\t\n\t\t<\/div>\t\n\t<\/div>\n\t<\/div><\/div>[\/vc_column_inner][\/vc_row_inner][vc_row_inner css=&#8221;.vc_custom_1528394232733{padding-top: 0px !important;}&#8221;][vc_column_inner width=&#8221;1\/3&#8243; css=&#8221;.vc_custom_1528394226052{background-position: center !important;background-repeat: no-repeat !important;background-size: cover !important;}&#8221;]<div class=\"rs-services\"><div class=\"service-inner services-style-3 center  vc_custom_1529655288968 \">\n\t\t<div class=\"services-wrap\"> \n         <div class=\"services-item\">\n            <div class=\"services-icon\">\n                <a href=\"#\" title=\"\"><img decoding=\"async\" src=\"https:\/\/gest-bau.es\/wp-content\/uploads\/2018\/06\/002-labor-1.png\" alt=\"Expert Architect\" \/><\/a>\n             <\/div>\n        \n\t\t<div class=\"services-desc\">\n\t\t\t<h3 class=\"services-title services-title2\"><a href=\"#\" title=\"\">Expert Architect<\/a><\/h3>\n\t\t\t<p>At vero eos et accusamus et iusto odiodignissimos laborumducimus qui blanditiis praesentium voluptatum deleniti<\/p>\n\t\t\t\n\t\t<\/div>\t\t\n\t\t<\/div>\t\n\t<\/div>\n\t<\/div><\/div>[\/vc_column_inner][vc_column_inner width=&#8221;1\/3&#8243; css=&#8221;.vc_custom_1528394425060{background-position: center !important;background-repeat: no-repeat !important;background-size: cover !important;}&#8221;]<div class=\"rs-services\"><div class=\"service-inner services-style-3 center  vc_custom_1529655082596 \">\n\t\t<div class=\"services-wrap\"> \n         <div class=\"services-item\">\n            <div class=\"services-icon\">\n                <a href=\"#\" title=\"\"><img decoding=\"async\" src=\"https:\/\/gest-bau.es\/wp-content\/uploads\/2018\/06\/010-conveyor.png\" alt=\"Strong Security\" \/><\/a>\n             <\/div>\n        \n\t\t<div class=\"services-desc\">\n\t\t\t<h3 class=\"services-title services-title2\"><a href=\"#\" title=\"\">Strong Security<\/a><\/h3>\n\t\t\t<p>At vero eos et accusamus et iusto odiodignissimos laborumducimus qui blanditiis praesentium voluptatum deleniti<\/p>\n\t\t\t\n\t\t<\/div>\t\t\n\t\t<\/div>\t\n\t<\/div>\n\t<\/div><\/div>[\/vc_column_inner][vc_column_inner width=&#8221;1\/3&#8243; css=&#8221;.vc_custom_1528394240533{background-position: center !important;background-repeat: no-repeat !important;background-size: cover !important;}&#8221;]<div class=\"rs-services\"><div class=\"service-inner services-style-3 center  vc_custom_1529655490530 \">\n\t\t<div class=\"services-wrap\"> \n         <div class=\"services-item\">\n            <div class=\"services-icon\">\n                <a href=\"http:\/\/keenitsolutions.com\/products\/wordpress\/brickx\/laminate-flooring\/\" title=\"\"><img decoding=\"async\" src=\"https:\/\/gest-bau.es\/wp-content\/uploads\/2018\/06\/009-paint-brushes.png\" alt=\"Quality Support\" \/><\/a>\n             <\/div>\n        \n\t\t<div class=\"services-desc\">\n\t\t\t<h3 class=\"services-title services-title2\"><a href=\"http:\/\/keenitsolutions.com\/products\/wordpress\/brickx\/laminate-flooring\/\" title=\"\">Quality Support<\/a><\/h3>\n\t\t\t<p>At vero eos et accusamus et iusto odiodignissimos laborumducimus qui blanditiis praesentium voluptatum deleniti<\/p>\n\t\t\t\n\t\t<\/div>\t\t\n\t\t<\/div>\t\n\t<\/div>\n\t<\/div><\/div>[\/vc_column_inner][\/vc_row_inner][\/vc_column][\/vc_row]<\/p>\n","protected":false},"excerpt":{"rendered":"<p>[vc_row css=&#8221;.vc_custom_1529903784328{margin-top: 91px !important;}&#8221; el_class=&#8221;rs-about1&#8243;][vc_column][vc_row_inner gap=&#8221;15&#8243;][vc_column_inner width=&#8221;1\/2&#8243;][vc_column_text]La soci\u00e9t\u00e9 dispose d\u2019une \u00e9quipe s\u00e9lectionn\u00e9e et exp\u00e9riment\u00e9e encadr\u00e9e de sp\u00e9cialistes, beaucoup d\u2019entre eux&#8230;<\/p>\n","protected":false},"author":1,"featured_media":0,"parent":0,"menu_order":0,"comment_status":"closed","ping_status":"closed","template":"","meta":{"footnotes":""},"class_list":["post-7036","page","type-page","status-publish","hentry"],"aioseo_notices":[],"_links":{"self":[{"href":"https:\/\/gest-bau.es\/fr\/wp-json\/wp\/v2\/pages\/7036","targetHints":{"allow":["GET"]}}],"collection":[{"href":"https:\/\/gest-bau.es\/fr\/wp-json\/wp\/v2\/pages"}],"about":[{"href":"https:\/\/gest-bau.es\/fr\/wp-json\/wp\/v2\/types\/page"}],"author":[{"embeddable":true,"href":"https:\/\/gest-bau.es\/fr\/wp-json\/wp\/v2\/users\/1"}],"replies":[{"embeddable":true,"href":"https:\/\/gest-bau.es\/fr\/wp-json\/wp\/v2\/comments?post=7036"}],"version-history":[{"count":3,"href":"https:\/\/gest-bau.es\/fr\/wp-json\/wp\/v2\/pages\/7036\/revisions"}],"predecessor-version":[{"id":7355,"href":"https:\/\/gest-bau.es\/fr\/wp-json\/wp\/v2\/pages\/7036\/revisions\/7355"}],"wp:attachment":[{"href":"https:\/\/gest-bau.es\/fr\/wp-json\/wp\/v2\/media?parent=7036"}],"curies":[{"name":"wp","href":"https:\/\/api.w.org\/{rel}","templated":true}]}}