{"id":7040,"date":"2022-04-28T10:33:05","date_gmt":"2022-04-28T10:33:05","guid":{"rendered":"https:\/\/gest-bau.es\/privacidad"},"modified":"2022-05-19T16:14:55","modified_gmt":"2022-05-19T16:14:55","slug":"confidentialite","status":"publish","type":"page","link":"https:\/\/gest-bau.es\/fr\/confidentialite","title":{"rendered":"Confidentialit\u00e9"},"content":{"rendered":"<p>[vc_row][vc_column][vc_column_text]<\/p>\n<p>\u00a9 2006-2022 GABRIEL PASCUAL FONT, 78202293Q. Todos los derechos reservados.<\/p>\n<p>Estas p\u00e1ginas son propiedad de GABRIEL PASCUAL FONT, 78202293Q. Queda prohibido la copia, distribuci\u00f3n y\/o tratamiento digital de cualquier material, texto o im\u00e1genes contenido en estas p\u00e1ginas sin el consentimiento expreso del autor de las mismas.<\/p>\n<p>Aviso Legal: LSSICE<\/p>\n<p>Para dar cumplimiento con lo establecido en la Ley 34\/ 2002 , de 11 de Julio, de servicios de la sociedad de la informaci\u00f3n y de comercio electr\u00f3nico, a continuaci\u00f3n se indican los datos de informaci\u00f3n general de este sitio web:<\/p>\n<p>Titular: GABRIEL PASCUAL FONT, 78202293Q<br \/>\nDirecci\u00f3n:C\/ Cabrera n\u00ba9 \u2013 07458 Can Picafort \u2013 Mallorca \u2013 Espa\u00f1a \u2013<br \/>\nContacto: info ARROBA immopascual.com<br \/>\nTel\u00e9fonos:Tel.\/ Fax: 971 85 22 38<\/p>\n<p>Pol\u00edtica de Protecci\u00f3n de Datos<\/p>\n<p>El presente Formulario NO es un sistema autom\u00e1tico de almacenamiento de datos.<br \/>\nEsta p\u00e1gina genera un mensaje de correo electr\u00f3nico el cual es enviado a info ARROBA immopascual con todos los datos facilitados por usted.<br \/>\nLa informaci\u00f3n recogida ser\u00e1 usada s\u00f3lo con fines del servicio de alojamiento y NO ser\u00e1 facilitada a terceros.<br \/>\nS\u00d3LO en el caso que usted marque la casilla indicando que desea recibir futuras promociones, nosotros le enviar\u00edamos publicidad sobre nuestras ofertas. En el Caso que usted decida no recibir m\u00e1s publicidad, en el mismo mensaje que reciba tendr\u00e1 la posibilidad de cancelar este servicio.<\/p>\n<p>Conforme a lo previsto en la ley 15\/1999, de 13 de diciembre, de protecci\u00f3n de datos de car\u00e1cter personal, (en adelante L.O.P.D), GABRIEL PASCUAL FONT, 78202293Q. le informa que los datos obtenidos a trav\u00e9s de este formulario o contrato, quedar\u00e1n incorporados y ser\u00e1n tratados en un fichero mixto denominado CLIENTES, inscrito en la A.G.P.D titularidad de GABRIEL PASCUAL FONT, 78202293Q. , con domicilio en C\/ Cabrera n\u00ba9 en 07458 Can Picafort (Illes Balerars), con el fin de poderle prestar los servicios solicitados, as\u00ed como para mantenerle informado sobre cuestiones relativas a la actividad de la empresa y sus servicios, Usted da su consentimiento expreso para que GABRIEL PASCUAL FONT, 78202293Q. pueda utilizar sus datos y direcci\u00f3n de correo electr\u00f3nico con este fin en concreto. As\u00ed mismo, le informamos de la posibilidad de ejercer, en cualquier momento, los derechos de acceso, rectificaci\u00f3n, cancelaci\u00f3n y oposici\u00f3n de sus datos de car\u00e1cter personal mediante correo dirigido a la direcci\u00f3n arriba indicada.<\/p>\n<p>[\/vc_column_text][\/vc_column][\/vc_row]<\/p>\n","protected":false},"excerpt":{"rendered":"<p>[vc_row][vc_column][vc_column_text] \u00a9 2006-2022 GABRIEL PASCUAL FONT, 78202293Q. Todos los derechos reservados. Estas p\u00e1ginas son propiedad de GABRIEL PASCUAL FONT, 78202293Q&#8230;.<\/p>\n","protected":false},"author":1,"featured_media":0,"parent":0,"menu_order":0,"comment_status":"closed","ping_status":"open","template":"","meta":{"footnotes":""},"class_list":["post-7040","page","type-page","status-publish","hentry"],"aioseo_notices":[],"_links":{"self":[{"href":"https:\/\/gest-bau.es\/fr\/wp-json\/wp\/v2\/pages\/7040","targetHints":{"allow":["GET"]}}],"collection":[{"href":"https:\/\/gest-bau.es\/fr\/wp-json\/wp\/v2\/pages"}],"about":[{"href":"https:\/\/gest-bau.es\/fr\/wp-json\/wp\/v2\/types\/page"}],"author":[{"embeddable":true,"href":"https:\/\/gest-bau.es\/fr\/wp-json\/wp\/v2\/users\/1"}],"replies":[{"embeddable":true,"href":"https:\/\/gest-bau.es\/fr\/wp-json\/wp\/v2\/comments?post=7040"}],"version-history":[{"count":1,"href":"https:\/\/gest-bau.es\/fr\/wp-json\/wp\/v2\/pages\/7040\/revisions"}],"predecessor-version":[{"id":7041,"href":"https:\/\/gest-bau.es\/fr\/wp-json\/wp\/v2\/pages\/7040\/revisions\/7041"}],"wp:attachment":[{"href":"https:\/\/gest-bau.es\/fr\/wp-json\/wp\/v2\/media?parent=7040"}],"curies":[{"name":"wp","href":"https:\/\/api.w.org\/{rel}","templated":true}]}}