{"id":7094,"date":"2018-05-07T12:41:50","date_gmt":"2018-05-07T12:41:50","guid":{"rendered":"https:\/\/gest-bau.es\/servicios"},"modified":"2022-05-19T16:30:25","modified_gmt":"2022-05-19T16:30:25","slug":"services","status":"publish","type":"page","link":"https:\/\/gest-bau.es\/fr\/services","title":{"rendered":"Services"},"content":{"rendered":"<p>[vc_row full_width=&#8221;stretch_row&#8221; css=&#8221;.vc_custom_1529649200845{padding-top: 55px !important;padding-bottom: 96px !important;background-color: #f1f1f1 !important;}&#8221; el_id=&#8221;rs-about&#8221; el_class=&#8221;rs-about1&#8243;][vc_column][vc_row_inner][vc_column_inner]\r\n        <div class=\"rs-heading   center\">\r\n        \t<div class=\"title-inner\">\r\n\t            \r\n\t            <h2>Nos services<\/h2>\r\n\t        <\/div><div class=\"description\"><p>GEST-BAU peut vous offrir tous les services n\u00e9cessaires \u00e0 la r\u00e9alisation et \u00e0 la gestion de vos projets d\u2019edification . Elle dispose d\u2019une grande vari\u00e9t\u00e9 de machines et d\u2019\u00e9quipements et d\u2019une \u00e9quipe humaine magnifiques, ainsi que d\u2019un solide r\u00e9seau d\u2019entreprises collaboratrices qui fournissent les divers services tels que : la plomberie, l\u2019\u00e9lectricit\u00e9, l\u2019excavation, la menuiserie, la s\u00e9curit\u00e9, la peinture, le pl\u00e2tre, le transport, le jardinage, les piscines . Les projets sont supervis\u00e9s par des \u00e9quipes de Conseils techniques , de g\u00e9om\u00e8tres et \/ ou des architectes et des conseils administratifs.<\/p>\n<p>La soci\u00e9t\u00e9 est charg\u00e9e de la coordination et de la supervision des travaux r\u00e9alis\u00e9s par les entreprises collaboratrices (sous-traitants), ainsi que de la v\u00e9rification de la qualit\u00e9 des mat\u00e9riaux utilis\u00e9s.<\/p>\n<p>GESTBAU est votre unique interlocuteur<\/p>\n<p>Vous \u00e9conomisez du temps et vous \u00e9pargnez des probl\u00e8mes<\/p>\n<p>Construction de chalets<br \/>\nConstruction de propri\u00e9t\u00e9s rustiques<br \/>\nimmeubles<br \/>\nPromotions<br \/>\nR\u00e9novations en g\u00e9n\u00e9ral<\/p><\/div><\/div>[\/vc_column_inner][\/vc_row_inner][\/vc_column][\/vc_row][vc_row el_id=&#8221;services-design&#8221; css=&#8221;.vc_custom_1529656745648{padding-top: 100px !important;}&#8221;][vc_column][vc_gallery type=&#8221;image_grid&#8221; images=&#8221;6721,6726,6731,6736,6741,6746,6751,6756,6761,6766,6771&#8243;][\/vc_column][\/vc_row]<\/p>\n","protected":false},"excerpt":{"rendered":"<p>[vc_row full_width=&#8221;stretch_row&#8221; css=&#8221;.vc_custom_1529649200845{padding-top: 55px !important;padding-bottom: 96px !important;background-color: #f1f1f1 !important;}&#8221; el_id=&#8221;rs-about&#8221; el_class=&#8221;rs-about1&#8243;][vc_column][vc_row_inner][vc_column_inner][\/vc_column_inner][\/vc_row_inner][\/vc_column][\/vc_row][vc_row el_id=&#8221;services-design&#8221; css=&#8221;.vc_custom_1529656745648{padding-top: 100px !important;}&#8221;][vc_column][vc_gallery type=&#8221;image_grid&#8221; images=&#8221;6721,6726,6731,6736,6741,6746,6751,6756,6761,6766,6771&#8243;][\/vc_column]&#8230;<\/p>\n","protected":false},"author":1,"featured_media":0,"parent":0,"menu_order":0,"comment_status":"closed","ping_status":"closed","template":"","meta":{"footnotes":""},"class_list":["post-7094","page","type-page","status-publish","hentry"],"aioseo_notices":[],"_links":{"self":[{"href":"https:\/\/gest-bau.es\/fr\/wp-json\/wp\/v2\/pages\/7094","targetHints":{"allow":["GET"]}}],"collection":[{"href":"https:\/\/gest-bau.es\/fr\/wp-json\/wp\/v2\/pages"}],"about":[{"href":"https:\/\/gest-bau.es\/fr\/wp-json\/wp\/v2\/types\/page"}],"author":[{"embeddable":true,"href":"https:\/\/gest-bau.es\/fr\/wp-json\/wp\/v2\/users\/1"}],"replies":[{"embeddable":true,"href":"https:\/\/gest-bau.es\/fr\/wp-json\/wp\/v2\/comments?post=7094"}],"version-history":[{"count":2,"href":"https:\/\/gest-bau.es\/fr\/wp-json\/wp\/v2\/pages\/7094\/revisions"}],"predecessor-version":[{"id":7096,"href":"https:\/\/gest-bau.es\/fr\/wp-json\/wp\/v2\/pages\/7094\/revisions\/7096"}],"wp:attachment":[{"href":"https:\/\/gest-bau.es\/fr\/wp-json\/wp\/v2\/media?parent=7094"}],"curies":[{"name":"wp","href":"https:\/\/api.w.org\/{rel}","templated":true}]}}